{"id":1722,"date":"2015-11-01T17:52:02","date_gmt":"2015-11-01T16:52:02","guid":{"rendered":"http:\/\/galeria.maestrov.com\/?page_id=1722"},"modified":"2015-11-10T01:56:44","modified_gmt":"2015-11-10T00:56:44","slug":"tatry-slowackie","status":"publish","type":"page","link":"http:\/\/galeria.maestrov.com\/index.php\/tatry-slowackie\/","title":{"rendered":"Tatry S\u0142owackie"},"content":{"rendered":"<div id=\"pl-1722\"  class=\"panel-layout\" ><div id=\"pg-1722-0\"  class=\"panel-grid panel-no-style\" ><div id=\"pgc-1722-0-0\"  class=\"panel-grid-cell\" ><div id=\"panel-1722-0-0-0\" class=\"so-panel widget widget_sow-editor panel-first-child panel-last-child\" data-index=\"0\" ><div class=\"so-widget-sow-editor so-widget-sow-editor-base\">\n<div class=\"siteorigin-widget-tinymce textwidget\">\n\t<span class=\"\" style=\"display:block;clear:both;height: 0px;padding-top: 30px;border-top-width:0px;border-bottom-width:0px;\"><\/span>\n<h2 style=\"text-align: center;\"><span style=\"color: #000000;\"><strong>Tatry S\u0142owackie<\/strong><\/span><\/h2>\n<\/div>\n<\/div><\/div><\/div><\/div><div id=\"pg-1722-1\"  class=\"panel-grid panel-no-style\" ><div id=\"pgc-1722-1-0\"  class=\"panel-grid-cell\" ><div id=\"panel-1722-1-0-0\" class=\"so-panel widget widget_sow-editor panel-first-child panel-last-child\" data-index=\"1\" ><div class=\"so-widget-sow-editor so-widget-sow-editor-base\">\n<div class=\"siteorigin-widget-tinymce textwidget\">\n\t<p><a href=\"http:\/\/galeria.maestrov.com\/?p=1375\"><img loading=\"lazy\" class=\"alignnone wp-image-1734 size-medium\" src=\"http:\/\/galeria.maestrov.com\/wp-content\/uploads\/2015\/11\/jb-800x536.jpg\" alt=\"jb\" width=\"800\" height=\"536\" srcset=\"http:\/\/galeria.maestrov.com\/wp-content\/uploads\/2015\/11\/jb-800x536.jpg 800w, http:\/\/galeria.maestrov.com\/wp-content\/uploads\/2015\/11\/jb-500x335.jpg 500w, http:\/\/galeria.maestrov.com\/wp-content\/uploads\/2015\/11\/jb-300x201.jpg 300w, http:\/\/galeria.maestrov.com\/wp-content\/uploads\/2015\/11\/jb-272x182.jpg 272w, http:\/\/galeria.maestrov.com\/wp-content\/uploads\/2015\/11\/jb.jpg 896w\" sizes=\"(max-width: 800px) 100vw, 800px\" \/><\/a><\/p>\n<h3 style=\"text-align: center;\"><span style=\"color: #000000;\"><strong><a href=\"http:\/\/galeria.maestrov.com\/?p=1375\">Jaskinia Bielska<\/a><\/strong><\/span><\/h3>\n<\/div>\n<\/div><\/div><\/div><div id=\"pgc-1722-1-1\"  class=\"panel-grid-cell panel-grid-cell-empty\" ><\/div><div id=\"pgc-1722-1-2\"  class=\"panel-grid-cell\" ><div id=\"panel-1722-1-2-0\" class=\"so-panel widget widget_sow-editor panel-first-child panel-last-child\" data-index=\"2\" ><div class=\"so-widget-sow-editor so-widget-sow-editor-base\">\n<div class=\"siteorigin-widget-tinymce textwidget\">\n\t<p><a href=\"http:\/\/galeria.maestrov.com\/?p=1429\"><img loading=\"lazy\" class=\"alignnone wp-image-1736 size-medium\" src=\"http:\/\/galeria.maestrov.com\/wp-content\/uploads\/2015\/11\/lteryho-800x536.jpg\" alt=\"lteryho\" width=\"800\" height=\"536\" srcset=\"http:\/\/galeria.maestrov.com\/wp-content\/uploads\/2015\/11\/lteryho-800x536.jpg 800w, http:\/\/galeria.maestrov.com\/wp-content\/uploads\/2015\/11\/lteryho-500x335.jpg 500w, http:\/\/galeria.maestrov.com\/wp-content\/uploads\/2015\/11\/lteryho-300x201.jpg 300w, http:\/\/galeria.maestrov.com\/wp-content\/uploads\/2015\/11\/lteryho-272x182.jpg 272w, http:\/\/galeria.maestrov.com\/wp-content\/uploads\/2015\/11\/lteryho.jpg 896w\" sizes=\"(max-width: 800px) 100vw, 800px\" \/><\/a><\/p>\n<h3 style=\"text-align: center;\"><span style=\"color: #000000;\"><strong><a href=\"http:\/\/galeria.maestrov.com\/?p=1429\">\u0141omnica \u2013 Terycho \u2013 Zb\u00f3jnicka 2006<\/a><\/strong><\/span><\/h3>\n<\/div>\n<\/div><\/div><\/div><div id=\"pgc-1722-1-3\"  class=\"panel-grid-cell panel-grid-cell-empty\" ><\/div><div id=\"pgc-1722-1-4\"  class=\"panel-grid-cell\" ><div id=\"panel-1722-1-4-0\" class=\"so-panel widget widget_sow-editor panel-first-child panel-last-child\" data-index=\"3\" ><div class=\"so-widget-sow-editor so-widget-sow-editor-base\">\n<div class=\"siteorigin-widget-tinymce textwidget\">\n\t<p><a href=\"http:\/\/galeria.maestrov.com\/?p=1508\"><img loading=\"lazy\" class=\"alignnone wp-image-1561 size-medium\" src=\"http:\/\/galeria.maestrov.com\/wp-content\/uploads\/2015\/10\/DSC_02581-800x536.jpg\" alt=\"\" width=\"800\" height=\"536\" srcset=\"http:\/\/galeria.maestrov.com\/wp-content\/uploads\/2015\/10\/DSC_02581-800x536.jpg 800w, http:\/\/galeria.maestrov.com\/wp-content\/uploads\/2015\/10\/DSC_02581-500x335.jpg 500w, http:\/\/galeria.maestrov.com\/wp-content\/uploads\/2015\/10\/DSC_02581-300x201.jpg 300w, http:\/\/galeria.maestrov.com\/wp-content\/uploads\/2015\/10\/DSC_02581-272x182.jpg 272w, http:\/\/galeria.maestrov.com\/wp-content\/uploads\/2015\/10\/DSC_02581.jpg 896w\" sizes=\"(max-width: 800px) 100vw, 800px\" \/><\/a><\/p>\n<h3 style=\"text-align: center;\"><span style=\"color: #000000;\"><strong><a href=\"http:\/\/galeria.maestrov.com\/?p=1508\">\u0141omnica - Terycho - Zb\u00f3jnicka - Smokowiec 2010<\/a><\/strong><\/span><\/h3>\n<\/div>\n<\/div><\/div><\/div><\/div><div id=\"pg-1722-2\"  class=\"panel-grid panel-no-style\" ><div id=\"pgc-1722-2-0\"  class=\"panel-grid-cell\" ><div id=\"panel-1722-2-0-0\" class=\"so-panel widget widget_sow-editor panel-first-child panel-last-child\" data-index=\"4\" ><div class=\"so-widget-sow-editor so-widget-sow-editor-base\">\n<div class=\"siteorigin-widget-tinymce textwidget\">\n\t<p><a href=\"http:\/\/galeria.maestrov.com\/?p=1644\"><img loading=\"lazy\" class=\"alignnone wp-image-1669 size-medium\" src=\"http:\/\/galeria.maestrov.com\/wp-content\/uploads\/2015\/10\/F1030004-800x536.jpg\" alt=\"Widok z szczytu Rysy na Morskie Oko i Czarny Staw\" width=\"800\" height=\"536\" srcset=\"http:\/\/galeria.maestrov.com\/wp-content\/uploads\/2015\/10\/F1030004-800x536.jpg 800w, http:\/\/galeria.maestrov.com\/wp-content\/uploads\/2015\/10\/F1030004-500x335.jpg 500w, http:\/\/galeria.maestrov.com\/wp-content\/uploads\/2015\/10\/F1030004-300x201.jpg 300w, http:\/\/galeria.maestrov.com\/wp-content\/uploads\/2015\/10\/F1030004-272x182.jpg 272w, http:\/\/galeria.maestrov.com\/wp-content\/uploads\/2015\/10\/F1030004.jpg 896w\" sizes=\"(max-width: 800px) 100vw, 800px\" \/><\/a><\/p>\n<h3 style=\"text-align: center;\"><span style=\"color: #000000;\"><strong><a href=\"http:\/\/galeria.maestrov.com\/?p=1644\">Rysy podej\u015bcie do strony S\u0142owackiej<\/a><\/strong><\/span><\/h3>\n<p>\u00a0<\/p>\n<\/div>\n<\/div><\/div><\/div><div id=\"pgc-1722-2-1\"  class=\"panel-grid-cell panel-grid-cell-empty\" ><\/div><div id=\"pgc-1722-2-2\"  class=\"panel-grid-cell panel-grid-cell-empty\" ><\/div><div id=\"pgc-1722-2-3\"  class=\"panel-grid-cell panel-grid-cell-empty panel-grid-cell-mobile-last\" ><\/div><div id=\"pgc-1722-2-4\"  class=\"panel-grid-cell panel-grid-cell-empty\" ><\/div><\/div><\/div>","protected":false},"excerpt":{"rendered":"<p>Tatry S\u0142owackie Jaskinia Bielska \u0141omnica \u2013 Terycho \u2013 Zb\u00f3jnicka 2006 \u0141omnica &#8211; Terycho &#8211; Zb\u00f3jnicka &#8211; Smokowiec 2010<\/p>\n","protected":false},"author":1,"featured_media":0,"parent":0,"menu_order":0,"comment_status":"closed","ping_status":"closed","template":"full-width-page.php","meta":[],"_links":{"self":[{"href":"http:\/\/galeria.maestrov.com\/index.php\/wp-json\/wp\/v2\/pages\/1722"}],"collection":[{"href":"http:\/\/galeria.maestrov.com\/index.php\/wp-json\/wp\/v2\/pages"}],"about":[{"href":"http:\/\/galeria.maestrov.com\/index.php\/wp-json\/wp\/v2\/types\/page"}],"author":[{"embeddable":true,"href":"http:\/\/galeria.maestrov.com\/index.php\/wp-json\/wp\/v2\/users\/1"}],"replies":[{"embeddable":true,"href":"http:\/\/galeria.maestrov.com\/index.php\/wp-json\/wp\/v2\/comments?post=1722"}],"version-history":[{"count":22,"href":"http:\/\/galeria.maestrov.com\/index.php\/wp-json\/wp\/v2\/pages\/1722\/revisions"}],"predecessor-version":[{"id":3201,"href":"http:\/\/galeria.maestrov.com\/index.php\/wp-json\/wp\/v2\/pages\/1722\/revisions\/3201"}],"wp:attachment":[{"href":"http:\/\/galeria.maestrov.com\/index.php\/wp-json\/wp\/v2\/media?parent=1722"}],"curies":[{"name":"wp","href":"https:\/\/api.w.org\/{rel}","templated":true}]}}