{"id":1354,"date":"2015-10-28T13:37:55","date_gmt":"2015-10-28T12:37:55","guid":{"rendered":"http:\/\/galeria.maestrov.com\/?page_id=1354"},"modified":"2015-11-10T01:54:39","modified_gmt":"2015-11-10T00:54:39","slug":"tatry-polskie-zima-2","status":"publish","type":"page","link":"http:\/\/galeria.maestrov.com\/index.php\/tatry-polskie-zima-2\/","title":{"rendered":"Tatry Polskie"},"content":{"rendered":"<div id=\"pl-1354\"  class=\"panel-layout\" ><div id=\"pg-1354-0\"  class=\"panel-grid panel-no-style\" ><div id=\"pgc-1354-0-0\"  class=\"panel-grid-cell\" ><div id=\"panel-1354-0-0-0\" class=\"so-panel widget widget_sow-editor panel-first-child panel-last-child\" data-index=\"0\" ><div class=\"so-widget-sow-editor so-widget-sow-editor-base\">\n<div class=\"siteorigin-widget-tinymce textwidget\">\n\t<span class=\"\" style=\"display:block;clear:both;height: 0px;padding-top: 30px;border-top-width:0px;border-bottom-width:0px;\"><\/span>\n<h2 style=\"text-align: center;\"><span style=\"color: #000000;\"><strong>Tatry Polskie<\/strong><\/span><\/h2>\n<\/div>\n<\/div><\/div><\/div><\/div><div id=\"pg-1354-1\"  class=\"panel-grid panel-no-style\" ><div id=\"pgc-1354-1-0\"  class=\"panel-grid-cell\" ><div id=\"panel-1354-1-0-0\" class=\"so-panel widget widget_sow-editor panel-first-child panel-last-child\" data-index=\"1\" ><div class=\"so-widget-sow-editor so-widget-sow-editor-base\">\n<div class=\"siteorigin-widget-tinymce textwidget\">\n\t<dl id=\"attachment_1212\" class=\"wp-caption alignnone aligncenter\" style=\"width: 800px;\">\n<dt class=\"wp-caption-dt\"><a href=\"http:\/\/galeria.maestrov.com\/?p=1197\"><img loading=\"lazy\" class=\"aligncenter wp-image-1212 size-medium\" src=\"http:\/\/galeria.maestrov.com\/wp-content\/uploads\/2015\/10\/tras1_12_b-800x536.jpg\" alt=\"Jaskinie i w\u0105wozy\" width=\"800\" height=\"536\" srcset=\"http:\/\/galeria.maestrov.com\/wp-content\/uploads\/2015\/10\/tras1_12_b-800x536.jpg 800w, http:\/\/galeria.maestrov.com\/wp-content\/uploads\/2015\/10\/tras1_12_b-500x335.jpg 500w, http:\/\/galeria.maestrov.com\/wp-content\/uploads\/2015\/10\/tras1_12_b-300x201.jpg 300w, http:\/\/galeria.maestrov.com\/wp-content\/uploads\/2015\/10\/tras1_12_b-272x182.jpg 272w, http:\/\/galeria.maestrov.com\/wp-content\/uploads\/2015\/10\/tras1_12_b.jpg 896w\" sizes=\"(max-width: 800px) 100vw, 800px\" \/><\/a><\/dt>\n<dt class=\"wp-caption-dt\"><\/dt>\n<\/dl>\n<h3 style=\"text-align: center;\"><strong><a href=\"http:\/\/galeria.maestrov.com\/?p=1197\">Jaskinie, W\u0105wozy<\/a><\/strong><\/h3>\n<\/div>\n<\/div><\/div><\/div><div id=\"pgc-1354-1-1\"  class=\"panel-grid-cell panel-grid-cell-empty\" ><\/div><div id=\"pgc-1354-1-2\"  class=\"panel-grid-cell\" ><div id=\"panel-1354-1-2-0\" class=\"so-panel widget widget_sow-editor panel-first-child panel-last-child\" data-index=\"2\" ><div class=\"so-widget-sow-editor so-widget-sow-editor-base\">\n<div class=\"siteorigin-widget-tinymce textwidget\">\n\t<dl id=\"attachment_1212\" class=\"wp-caption alignnone aligncenter\" style=\"width: 800px;\">\n<dt class=\"wp-caption-dt\"><a href=\"http:\/\/galeria.maestrov.com\/?p=1300\"><img loading=\"lazy\" class=\"aligncenter wp-image-1305 size-medium\" src=\"http:\/\/galeria.maestrov.com\/wp-content\/uploads\/2015\/10\/orla1-800x536.jpg\" alt=\"\" width=\"800\" height=\"536\" srcset=\"http:\/\/galeria.maestrov.com\/wp-content\/uploads\/2015\/10\/orla1-800x536.jpg 800w, http:\/\/galeria.maestrov.com\/wp-content\/uploads\/2015\/10\/orla1-500x335.jpg 500w, http:\/\/galeria.maestrov.com\/wp-content\/uploads\/2015\/10\/orla1-300x201.jpg 300w, http:\/\/galeria.maestrov.com\/wp-content\/uploads\/2015\/10\/orla1-272x182.jpg 272w, http:\/\/galeria.maestrov.com\/wp-content\/uploads\/2015\/10\/orla1.jpg 896w\" sizes=\"(max-width: 800px) 100vw, 800px\" \/><\/a><\/dt>\n<\/dl>\n<h3 style=\"text-align: center;\"><strong><a href=\"http:\/\/galeria.maestrov.com\/?p=1300\">Orla Pre\u0107<\/a><br \/> <\/strong><\/h3>\n<\/div>\n<\/div><\/div><\/div><div id=\"pgc-1354-1-3\"  class=\"panel-grid-cell panel-grid-cell-empty\" ><\/div><div id=\"pgc-1354-1-4\"  class=\"panel-grid-cell\" ><div id=\"panel-1354-1-4-0\" class=\"so-panel widget widget_sow-editor panel-first-child panel-last-child\" data-index=\"3\" ><div class=\"so-widget-sow-editor so-widget-sow-editor-base\">\n<div class=\"siteorigin-widget-tinymce textwidget\">\n\t<h3 style=\"text-align: center;\"><a href=\"http:\/\/galeria.maestrov.com\/?p=1328\"><img loading=\"lazy\" class=\"wp-image-1338 size-medium aligncenter\" src=\"http:\/\/galeria.maestrov.com\/wp-content\/uploads\/2015\/10\/tat_p_zim4_b-800x536.jpg\" alt=\"\" width=\"800\" height=\"536\" srcset=\"http:\/\/galeria.maestrov.com\/wp-content\/uploads\/2015\/10\/tat_p_zim4_b-800x536.jpg 800w, http:\/\/galeria.maestrov.com\/wp-content\/uploads\/2015\/10\/tat_p_zim4_b-500x335.jpg 500w, http:\/\/galeria.maestrov.com\/wp-content\/uploads\/2015\/10\/tat_p_zim4_b-300x201.jpg 300w, http:\/\/galeria.maestrov.com\/wp-content\/uploads\/2015\/10\/tat_p_zim4_b-272x182.jpg 272w, http:\/\/galeria.maestrov.com\/wp-content\/uploads\/2015\/10\/tat_p_zim4_b.jpg 896w\" sizes=\"(max-width: 800px) 100vw, 800px\" \/><\/a><strong><a href=\"http:\/\/galeria.maestrov.com\/?p=1328\">Tatry Polskie zim\u0105<\/a><br \/> <\/strong><\/h3>\n<\/div>\n<\/div><\/div><\/div><\/div><\/div>","protected":false},"excerpt":{"rendered":"<p>Tatry Polskie Jaskinie, W\u0105wozy Orla Pre\u0107 Tatry Polskie zim\u0105<\/p>\n","protected":false},"author":1,"featured_media":0,"parent":0,"menu_order":0,"comment_status":"closed","ping_status":"closed","template":"full-width-page.php","meta":[],"_links":{"self":[{"href":"http:\/\/galeria.maestrov.com\/index.php\/wp-json\/wp\/v2\/pages\/1354"}],"collection":[{"href":"http:\/\/galeria.maestrov.com\/index.php\/wp-json\/wp\/v2\/pages"}],"about":[{"href":"http:\/\/galeria.maestrov.com\/index.php\/wp-json\/wp\/v2\/types\/page"}],"author":[{"embeddable":true,"href":"http:\/\/galeria.maestrov.com\/index.php\/wp-json\/wp\/v2\/users\/1"}],"replies":[{"embeddable":true,"href":"http:\/\/galeria.maestrov.com\/index.php\/wp-json\/wp\/v2\/comments?post=1354"}],"version-history":[{"count":22,"href":"http:\/\/galeria.maestrov.com\/index.php\/wp-json\/wp\/v2\/pages\/1354\/revisions"}],"predecessor-version":[{"id":3198,"href":"http:\/\/galeria.maestrov.com\/index.php\/wp-json\/wp\/v2\/pages\/1354\/revisions\/3198"}],"wp:attachment":[{"href":"http:\/\/galeria.maestrov.com\/index.php\/wp-json\/wp\/v2\/media?parent=1354"}],"curies":[{"name":"wp","href":"https:\/\/api.w.org\/{rel}","templated":true}]}}